{"id":52,"date":"2022-01-29T21:35:54","date_gmt":"2022-01-29T20:35:54","guid":{"rendered":"https:\/\/test.dxnet.cz\/test\/?page_id=52"},"modified":"2022-02-14T13:49:24","modified_gmt":"2022-02-14T12:49:24","slug":"domu","status":"publish","type":"page","link":"https:\/\/test.dxnet.cz\/test\/","title":{"rendered":"Dom\u016f"},"content":{"rendered":"\t\t<div data-elementor-type=\"wp-page\" data-elementor-id=\"52\" class=\"elementor elementor-52\" data-elementor-settings=\"[]\">\n\t\t\t\t\t\t\t<div class=\"elementor-section-wrap\">\n\t\t\t\t\t\t\t<section class=\"elementor-section elementor-top-section elementor-element elementor-element-8cbe39d elementor-section-height-min-height elementor-section-content-middle elementor-section-boxed elementor-section-height-default elementor-section-items-middle\" data-id=\"8cbe39d\" data-element_type=\"section\">\n\t\t\t\t\t\t<div class=\"elementor-container elementor-column-gap-default\">\n\t\t\t\t\t<div class=\"elementor-column elementor-col-100 elementor-top-column elementor-element elementor-element-0899e03\" data-id=\"0899e03\" data-element_type=\"column\">\n\t\t\t<div class=\"elementor-widget-wrap elementor-element-populated\">\n\t\t\t\t\t\t\t\t<div class=\"elementor-element elementor-element-cbc19ab animated-slow elementor-widget elementor-widget-text-editor\" data-id=\"cbc19ab\" data-element_type=\"widget\" data-settings=\"{&quot;_animation_delay&quot;:300,&quot;_animation&quot;:&quot;none&quot;}\" data-widget_type=\"text-editor.default\">\n\t\t\t\t<div class=\"elementor-widget-container\">\n\t\t\t<style>\/*! elementor - v3.5.5 - 03-02-2022 *\/\n.elementor-widget-text-editor.elementor-drop-cap-view-stacked .elementor-drop-cap{background-color:#818a91;color:#fff}.elementor-widget-text-editor.elementor-drop-cap-view-framed .elementor-drop-cap{color:#818a91;border:3px solid;background-color:transparent}.elementor-widget-text-editor:not(.elementor-drop-cap-view-default) .elementor-drop-cap{margin-top:8px}.elementor-widget-text-editor:not(.elementor-drop-cap-view-default) .elementor-drop-cap-letter{width:1em;height:1em}.elementor-widget-text-editor .elementor-drop-cap{float:left;text-align:center;line-height:1;font-size:50px}.elementor-widget-text-editor .elementor-drop-cap-letter{display:inline-block}<\/style>\t\t\t\t<p><span style=\"font-size: 18pt; color: #808080;\"><strong><span style=\"color: #000000; font-size: 18pt;\">P\u0159ipojen\u00ed k s\u00edti internet bezdr\u00e1tov\u00fdmi technologiemi.<\/span><br \/><span style=\"color: #000000;\">Rychlost p\u0159ipojen\u00ed 10-50 Mbit\/s<\/span><br \/><span style=\"color: #000000;\">Zji\u0161t\u011bn\u00ed dostupnosti ZDARMA<\/span><br \/><span style=\"color: #000000;\">\u017d\u00e1dn\u00e9 FUP<\/span><br \/><span style=\"color: #000000;\">N\u00e1vrh dom\u00e1c\u00ed s\u00edt\u011b<\/span><br \/><span style=\"color: #000000;\">Servis PC (p\u0159einstalace Windows, nav\u00fd\u0161en\u00ed RAM, v\u00fdm\u011bna disku atd.)<\/span><br \/><\/strong><\/span><\/p>\t\t\t\t\t\t<\/div>\n\t\t\t\t<\/div>\n\t\t\t\t\t<\/div>\n\t\t<\/div>\n\t\t\t\t\t\t\t<\/div>\n\t\t<\/section>\n\t\t\t\t<section class=\"elementor-section elementor-top-section elementor-element elementor-element-ef94380 elementor-section-boxed elementor-section-height-default elementor-section-height-default\" data-id=\"ef94380\" data-element_type=\"section\" data-settings=\"{&quot;background_background&quot;:&quot;classic&quot;,&quot;animation&quot;:&quot;none&quot;,&quot;animation_delay&quot;:300}\">\n\t\t\t\t\t\t<div class=\"elementor-container elementor-column-gap-default\">\n\t\t\t\t\t<div class=\"elementor-column elementor-col-33 elementor-top-column elementor-element elementor-element-b267074\" data-id=\"b267074\" data-element_type=\"column\">\n\t\t\t<div class=\"elementor-widget-wrap elementor-element-populated\">\n\t\t\t\t\t\t\t\t<div class=\"elementor-element elementor-element-5305c19 elementor-widget elementor-widget-text-editor\" data-id=\"5305c19\" data-element_type=\"widget\" data-widget_type=\"text-editor.default\">\n\t\t\t\t<div class=\"elementor-widget-container\">\n\t\t\t\t\t\t\t<p><span style=\"color: #000000;\">Du\u0161an Kubo\u0148<\/span><br \/><span style=\"color: #000000;\">Z\u00e1\u0159\u00ed\u010d\u00ed 351<\/span><br \/><span style=\"color: #000000;\">739 21, Paskov<\/span><br \/><span style=\"color: #000000;\">I\u010c: 73208795<\/span><br \/><span style=\"color: #000000;\">nejsem pl\u00e1tce DPH<\/span><\/p>\t\t\t\t\t\t<\/div>\n\t\t\t\t<\/div>\n\t\t\t\t\t<\/div>\n\t\t<\/div>\n\t\t\t\t<div class=\"elementor-column elementor-col-33 elementor-top-column elementor-element elementor-element-ed1d256\" data-id=\"ed1d256\" data-element_type=\"column\">\n\t\t\t<div class=\"elementor-widget-wrap elementor-element-populated\">\n\t\t\t\t\t\t\t\t<div class=\"elementor-element elementor-element-7bae6aa elementor-view-default elementor-widget elementor-widget-icon\" data-id=\"7bae6aa\" data-element_type=\"widget\" data-widget_type=\"icon.default\">\n\t\t\t\t<div class=\"elementor-widget-container\">\n\t\t\t\t\t<div class=\"elementor-icon-wrapper\">\n\t\t\t<div class=\"elementor-icon\">\n\t\t\t<i aria-hidden=\"true\" class=\"fas fa-phone-volume\"><\/i>\t\t\t<\/div>\n\t\t<\/div>\n\t\t\t\t<\/div>\n\t\t\t\t<\/div>\n\t\t\t\t<div class=\"elementor-element elementor-element-9f965c0 elementor-widget elementor-widget-text-editor\" data-id=\"9f965c0\" data-element_type=\"widget\" data-widget_type=\"text-editor.default\">\n\t\t\t\t<div class=\"elementor-widget-container\">\n\t\t\t\t\t\t\t<p><span style=\"color: #000000;\">+420 724 865 098<\/span><\/p>\t\t\t\t\t\t<\/div>\n\t\t\t\t<\/div>\n\t\t\t\t<div class=\"elementor-element elementor-element-09a1b57 elementor-view-default elementor-widget elementor-widget-icon\" data-id=\"09a1b57\" data-element_type=\"widget\" data-widget_type=\"icon.default\">\n\t\t\t\t<div class=\"elementor-widget-container\">\n\t\t\t\t\t<div class=\"elementor-icon-wrapper\">\n\t\t\t<div class=\"elementor-icon\">\n\t\t\t<i aria-hidden=\"true\" class=\"fas fa-mail-bulk\"><\/i>\t\t\t<\/div>\n\t\t<\/div>\n\t\t\t\t<\/div>\n\t\t\t\t<\/div>\n\t\t\t\t<div class=\"elementor-element elementor-element-9bf3ef2 elementor-widget elementor-widget-text-editor\" data-id=\"9bf3ef2\" data-element_type=\"widget\" data-widget_type=\"text-editor.default\">\n\t\t\t\t<div class=\"elementor-widget-container\">\n\t\t\t\t\t\t\t<p><span style=\"color: #000000;\">info@dxnet.cz<\/span><\/p>\t\t\t\t\t\t<\/div>\n\t\t\t\t<\/div>\n\t\t\t\t\t<\/div>\n\t\t<\/div>\n\t\t\t\t<div class=\"elementor-column elementor-col-33 elementor-top-column elementor-element elementor-element-675349a\" data-id=\"675349a\" data-element_type=\"column\">\n\t\t\t<div class=\"elementor-widget-wrap elementor-element-populated\">\n\t\t\t\t\t\t\t\t<div class=\"elementor-element elementor-element-b52e069 elementor-widget elementor-widget-text-editor\" data-id=\"b52e069\" data-element_type=\"widget\" data-widget_type=\"text-editor.default\">\n\t\t\t\t<div class=\"elementor-widget-container\">\n\t\t\t\t\t\t\t<span style=\"color: #000000;\"><a href=\"https:\/\/test.dxnet.cz\/test\/wp-content\/uploads\/2022\/02\/specifikace.pdf\">Typy a specifikace rozhran\u00ed pou\u017e\u00edvan\u00fdch v s\u00edti<\/a><\/span>\t\t\t\t\t\t<\/div>\n\t\t\t\t<\/div>\n\t\t\t\t<div class=\"elementor-element elementor-element-1d65d29 elementor-widget elementor-widget-text-editor\" data-id=\"1d65d29\" data-element_type=\"widget\" data-widget_type=\"text-editor.default\">\n\t\t\t\t<div class=\"elementor-widget-container\">\n\t\t\t\t\t\t\t<span style=\"color: #000000;\"><a href=\"https:\/\/test.dxnet.cz\/test\/wp-content\/uploads\/2022\/02\/smlouva_cista.pdf\">V\u0161eobecn\u00e9 podm\u00ednky a smlouva<\/a><\/span>\t\t\t\t\t\t<\/div>\n\t\t\t\t<\/div>\n\t\t\t\t<div class=\"elementor-element elementor-element-dac7a5c elementor-widget elementor-widget-text-editor\" data-id=\"dac7a5c\" data-element_type=\"widget\" data-widget_type=\"text-editor.default\">\n\t\t\t\t<div class=\"elementor-widget-container\">\n\t\t\t\t\t\t\t<span style=\"color: #000000;\"><a href=\"https:\/\/test.dxnet.cz\/test\/wp-content\/uploads\/2022\/02\/GDPR.pdf\">Prohl\u00e1\u0161en\u00ed GDPR<\/a><\/span>\t\t\t\t\t\t<\/div>\n\t\t\t\t<\/div>\n\t\t\t\t\t<\/div>\n\t\t<\/div>\n\t\t\t\t\t\t\t<\/div>\n\t\t<\/section>\n\t\t\t\t<section class=\"elementor-section elementor-top-section elementor-element elementor-element-081b0cd elementor-section-boxed elementor-section-height-default elementor-section-height-default\" data-id=\"081b0cd\" data-element_type=\"section\">\n\t\t\t\t\t\t<div class=\"elementor-container elementor-column-gap-default\">\n\t\t\t\t\t<div class=\"elementor-column elementor-col-100 elementor-top-column elementor-element elementor-element-c11990e\" data-id=\"c11990e\" data-element_type=\"column\">\n\t\t\t<div class=\"elementor-widget-wrap elementor-element-populated\">\n\t\t\t\t\t\t\t\t<div class=\"elementor-element elementor-element-e07dc15 elementor-widget__width-inherit elementor-widget elementor-widget-text-editor\" data-id=\"e07dc15\" data-element_type=\"widget\" data-settings=\"{&quot;_animation&quot;:&quot;none&quot;,&quot;_animation_delay&quot;:300}\" data-widget_type=\"text-editor.default\">\n\t\t\t\t<div class=\"elementor-widget-container\">\n\t\t\t\t\t\t\t<p><span style=\"color: #000000;\">\u00a9 2021 Du\u0161an Kubo\u0148<\/span><\/p>\t\t\t\t\t\t<\/div>\n\t\t\t\t<\/div>\n\t\t\t\t\t<\/div>\n\t\t<\/div>\n\t\t\t\t\t\t\t<\/div>\n\t\t<\/section>\n\t\t\t\t\t\t<\/div>\n\t\t\t\t\t<\/div>\n\t\t","protected":false},"excerpt":{"rendered":"<p>P\u0159ipojen\u00ed k s\u00edti internet bezdr\u00e1tov\u00fdmi technologiemi.Rychlost p\u0159ipojen\u00ed 10-50 Mbit\/sZji\u0161t\u011bn\u00ed dostupnosti ZDARMA\u017d\u00e1dn\u00e9 FUPN\u00e1vrh dom\u00e1c\u00ed s\u00edt\u011bServis PC (p\u0159einstalace Windows, nav\u00fd\u0161en\u00ed RAM, v\u00fdm\u011bna disku atd.) Du\u0161an Kubo\u0148Z\u00e1\u0159\u00ed\u010d\u00ed 351739 21, PaskovI\u010c: 73208795nejsem pl\u00e1tce DPH +420 724 865 098 info@dxnet.cz Typy a specifikace rozhran\u00ed pou\u017e\u00edvan\u00fdch v s\u00edtiV\u0161eobecn\u00e9 podm\u00ednky a smlouvaProhl\u00e1\u0161en\u00ed GDPR \u00a9 2021 Du\u0161an Kubo\u0148<\/p>\n","protected":false},"author":1,"featured_media":0,"parent":0,"menu_order":0,"comment_status":"closed","ping_status":"closed","template":"","meta":{"footnotes":""},"class_list":["post-52","page","type-page","status-publish","hentry","entry"],"_links":{"self":[{"href":"https:\/\/test.dxnet.cz\/test\/wp-json\/wp\/v2\/pages\/52","targetHints":{"allow":["GET"]}}],"collection":[{"href":"https:\/\/test.dxnet.cz\/test\/wp-json\/wp\/v2\/pages"}],"about":[{"href":"https:\/\/test.dxnet.cz\/test\/wp-json\/wp\/v2\/types\/page"}],"author":[{"embeddable":true,"href":"https:\/\/test.dxnet.cz\/test\/wp-json\/wp\/v2\/users\/1"}],"replies":[{"embeddable":true,"href":"https:\/\/test.dxnet.cz\/test\/wp-json\/wp\/v2\/comments?post=52"}],"version-history":[{"count":235,"href":"https:\/\/test.dxnet.cz\/test\/wp-json\/wp\/v2\/pages\/52\/revisions"}],"predecessor-version":[{"id":697,"href":"https:\/\/test.dxnet.cz\/test\/wp-json\/wp\/v2\/pages\/52\/revisions\/697"}],"wp:attachment":[{"href":"https:\/\/test.dxnet.cz\/test\/wp-json\/wp\/v2\/media?parent=52"}],"curies":[{"name":"wp","href":"https:\/\/api.w.org\/{rel}","templated":true}]}}